{"id":35,"date":"2011-11-06T18:47:15","date_gmt":"2011-11-06T18:47:15","guid":{"rendered":"http:\/\/localhost\/wordpress\/?page_id=35"},"modified":"2025-02-13T12:49:39","modified_gmt":"2025-02-13T12:49:39","slug":"despedidas-de-soltero-en-teruel","status":"publish","type":"page","link":"https:\/\/www.circuitodetorremocha.es\/Neweb\/el-circuito\/tarifas\/despedidas-de-soltero-en-teruel\/","title":{"rendered":"Despedidas de Soltero en Teruel"},"content":{"rendered":"<h2><a href=\"http:\/\/www.circuitodetorremocha.es\/Neweb\/contacto\/\"><img loading=\"lazy\" decoding=\"async\" class=\"aligncenter size-full wp-image-3410\" src=\"http:\/\/www.circuitodetorremocha.es\/Neweb\/wp-content\/uploads\/2015\/02\/telephonist-copia.png\" alt=\"telephonist copia\" width=\"579\" height=\"187\" srcset=\"https:\/\/www.circuitodetorremocha.es\/Neweb\/wp-content\/uploads\/2015\/02\/telephonist-copia.png 579w, https:\/\/www.circuitodetorremocha.es\/Neweb\/wp-content\/uploads\/2015\/02\/telephonist-copia-300x97.png 300w\" sizes=\"auto, (max-width: 579px) 100vw, 579px\" \/><\/a><\/h2>\n<h2>Disfruta de una Experiencia Inigualable!!!<\/h2>\n<h2>\u00a0<\/h2>\n<p><a href=\"http:\/\/www.circuitodetorremocha.es\/Neweb\/wp-content\/uploads\/2016\/03\/71-IMG_1771.jpg\"><img loading=\"lazy\" decoding=\"async\" class=\"size-medium wp-image-4076 alignleft\" src=\"http:\/\/www.circuitodetorremocha.es\/Neweb\/wp-content\/uploads\/2016\/03\/71-IMG_1771-300x200.jpg\" alt=\"\" width=\"300\" height=\"200\" srcset=\"https:\/\/www.circuitodetorremocha.es\/Neweb\/wp-content\/uploads\/2016\/03\/71-IMG_1771-300x200.jpg 300w, https:\/\/www.circuitodetorremocha.es\/Neweb\/wp-content\/uploads\/2016\/03\/71-IMG_1771-768x513.jpg 768w, https:\/\/www.circuitodetorremocha.es\/Neweb\/wp-content\/uploads\/2016\/03\/71-IMG_1771-600x401.jpg 600w, https:\/\/www.circuitodetorremocha.es\/Neweb\/wp-content\/uploads\/2016\/03\/71-IMG_1771.jpg 800w\" sizes=\"auto, (max-width: 300px) 100vw, 300px\" \/><\/a><\/p>\n<h4>Organ\u00edzate tu propia carrera con tus amigos, tu despedida de<\/h4>\n<h4>soltero, cumplea\u00f1os etc.<\/h4>\n<p>A partir de 8 personas te organizamos tu propia carrera de karting. Con las formalidades propias de una carrera oficial, el paquete consiste en: carrera de entrenamientos libres, carrera de entrenamientos oficiales,\u00a0 (arreb\u00e1tale la pole a tu rival ) tiempos para parrilla de salida, y por \u00faltimo dos mangas de carrera con salida parada.<\/p>\n<p>Ideal para:<\/p>\n<p>.- Despedidas de solter@<\/p>\n<p>.- Cumplea\u00f1os y aniversarios.<\/p>\n<p>.- Empresas, clubs y asociaciones<\/p>\n<blockquote>\n<blockquote>\n<blockquote>\n<blockquote>\n<blockquote>\n<blockquote>\n<p>PRECIO 59 \u20ac POR PERSONA<\/p>\n<\/blockquote>\n<\/blockquote>\n<\/blockquote>\n<\/blockquote>\n<\/blockquote>\n<\/blockquote>\n<p><img loading=\"lazy\" decoding=\"async\" src=\"http:\/\/www.circuitodetorremocha.es\/images\/DSCF3015.JPG\" alt=\"\" width=\"338\" height=\"236\" align=\"left\" hspace=\"8\" \/><\/p>\n<h4>Pack especial para despedidas de soltero.<\/h4>\n<p>Contrata ahora tu despedida de soltero con nosotros y comienza el d\u00eda con una buena dosis de adrenalina y diversi\u00f3n.<\/p>\n<p>\u00a0<\/p>\n<h2>\u00a0<\/h2>\n<blockquote>\n<blockquote>\n<h4>Nuestro pack Total, ideal para despedidas de soltero\u00a0 incluye:<\/h4>\n<\/blockquote>\n<\/blockquote>\n<blockquote>\n<blockquote>\n<blockquote>\n<blockquote>\n<blockquote>\n<p>1.- Recibimiento y Briefing.<\/p>\n<p>2.- Pack Carrera GP2<\/p>\n<p>3.-Comida (Paella, consumici\u00f3n, postre y caf\u00e9)<\/p>\n<p><strong>4<\/strong>.-Reportaje fotogr\u00e1fico.<\/p>\n<p>5.-Ceremonia de Podium y Cava.<\/p>\n<p>6.- Partida de Paintball de 200 bolas<\/p>\n<\/blockquote>\n<p>Todo ello por solo 95\u20ac por persona, \u00a1\u00a1 Res\u00e9rvalo ya&#8230;.!!<\/p>\n<\/blockquote>\n<\/blockquote>\n<\/blockquote>\n<\/blockquote>\n<h4>Nuestra pista est\u00e1 dotada de sistema de cronometraje oficial Chronelec.<\/h4>\n<p>El Sistema Chronelec, lo han utilizado pistas de renombre internacional como el Circuito de la Comunidad Valenciana (Cheste), campeonato de Espa\u00f1a de Supermotard, Motocross, y Campeonato de Mundo de Superbikes.<\/p>\n<p>Con una precisi\u00f3n de mil\u00e9sima de segundo, rivaliza con tus amigos para ver quien es el m\u00e1s r\u00e1pido.<\/p>\n<p><strong>\u00bfPuedo montar yo solo, o solo con un amigo?<\/strong><\/p>\n<p>Por su puesto, puedes venir en nuestro horario de apertura y alquilarte un kart para dar unas vueltas, tu solo, o con varios amigos. Solamente tienes que contratar nuestro ticket individual, y podras medir tus fuerzas con el resto de participantes, y ver los tiempos que haces por vuelta.<\/p>\n<h4><strong>\u00bfQue tengo que llevar para poder alquilar un kart?<\/strong><\/h4>\n<p>Absolutamente nada. Nosotros te ponemos el casco, guantes si quieres, y poco mas. Es recomendable, eso si, llevar ropa c\u00f3moda&#8230;. vamos que si vienes en traje de novi@&#8230;&#8230;&#8230;..<\/p>\n<h4>No he montado nunca y no lo tengo claro<\/h4>\n<p>Ll\u00e1manos por tel\u00e9fono al 635 575 220 , o si lo prefieres m\u00e1ndanos un mail <a href=\"mailto:comercial@circuitodetorremocha.es\" target=\"_blank\" rel=\"noopener\">comercial@circuitodetorremocha.es<\/a><\/p>\n<p>estaremos encantados de solventar todas tus dudas.<\/p>\n\n\n<figure class=\"wp-block-image size-large\"><img decoding=\"async\" src=\"https:\/\/www.circuitodetorremocha.es\/Neweb\/wp-content\/uploads\/TOTAL2025.jpg\" alt=\"\"\/><\/figure>\n\n\n\n<p><\/p>\n","protected":false},"excerpt":{"rendered":"<p>Disfruta de una Experiencia Inigualable!!! \u00a0 Organ\u00edzate tu propia carrera con tus amigos, tu despedida de soltero, cumplea\u00f1os etc. A partir de 8 personas te organizamos tu propia carrera de karting. Con las formalidades propias de una carrera oficial, el paquete consiste en: carrera de entrenamientos libres, carrera de entrenamientos oficiales,\u00a0 (arreb\u00e1tale la pole a tu rival ) tiempos para parrilla de salida, y por \u00faltimo dos mangas de carrera con salida parada. Ideal para: .- Despedidas de solter@ .- Cumplea\u00f1os y aniversarios. .- Empresas, clubs y asociaciones PRECIO 59 \u20ac POR PERSONA Pack especial para despedidas de soltero. Contrata ahora tu despedida de soltero con nosotros y comienza el d\u00eda con una buena dosis de adrenalina y diversi\u00f3n. \u00a0 \u00a0 Nuestro pack Total, ideal para despedidas de soltero\u00a0 incluye: 1.- Recibimiento y Briefing. 2.- Pack Carrera GP2 3.-Comida (Paella, consumici\u00f3n, postre y caf\u00e9) 4.-Reportaje fotogr\u00e1fico. 5.-Ceremonia de Podium y Cava. 6.- Partida de Paintball de 200 bolas Todo ello por solo 95\u20ac por persona, \u00a1\u00a1 Res\u00e9rvalo ya&#8230;.!! Nuestra pista est\u00e1 dotada de sistema de cronometraje oficial Chronelec. El Sistema Chronelec, lo han utilizado pistas de renombre internacional como el Circuito de la Comunidad Valenciana (Cheste), campeonato de Espa\u00f1a de Supermotard, Motocross, y Campeonato de Mundo de Superbikes. Con una precisi\u00f3n de mil\u00e9sima de segundo, rivaliza con tus amigos para ver quien es el m\u00e1s r\u00e1pido. \u00bfPuedo montar yo solo, o solo con un amigo? Por su puesto, puedes venir en nuestro horario de apertura y alquilarte un kart para [&hellip;]<\/p>\n<div class='heateor_sss_sharing_container heateor_sss_vertical_sharing heateor_sss_bottom_sharing' style='width:44px;left: -10px;top: 100px;-webkit-box-shadow:none;box-shadow:none;' data-heateor-sss-href='https:\/\/www.circuitodetorremocha.es\/Neweb\/wp-json\/wp\/v2\/pages\/35'><div class=\"heateor_sss_sharing_ul\"><a aria-label=\"Instagram\" class=\"heateor_sss_button_instagram\" href=\"https:\/\/www.instagram.com\/\" title=\"Instagram\" rel=\"nofollow noopener\" target=\"_blank\" style=\"font-size:32px!important;box-shadow:none;display:inline-block;vertical-align:middle\"><span class=\"heateor_sss_svg\" style=\"background-color:#53beee;width:40px;height:40px;margin:0;display:inline-block;opacity:1;float:left;font-size:32px;box-shadow:none;display:inline-block;font-size:16px;padding:0 4px;vertical-align:middle;background-repeat:repeat;overflow:hidden;padding:0;cursor:pointer;box-sizing:content-box\"><svg style=\"display:block;\" version=\"1.1\" viewBox=\"-10 -10 148 148\" width=\"100%\" height=\"100%\" xml:space=\"preserve\" xmlns=\"http:\/\/www.w3.org\/2000\/svg\" xmlns:xlink=\"http:\/\/www.w3.org\/1999\/xlink\"><g><g><path d=\"M86,112H42c-14.336,0-26-11.663-26-26V42c0-14.337,11.664-26,26-26h44c14.337,0,26,11.663,26,26v44 C112,100.337,100.337,112,86,112z M42,24c-9.925,0-18,8.074-18,18v44c0,9.925,8.075,18,18,18h44c9.926,0,18-8.075,18-18V42 c0-9.926-8.074-18-18-18H42z\" fill=\"#fff\"><\/path><\/g><g><path d=\"M64,88c-13.234,0-24-10.767-24-24c0-13.234,10.766-24,24-24s24,10.766,24,24C88,77.233,77.234,88,64,88z M64,48c-8.822,0-16,7.178-16,16s7.178,16,16,16c8.822,0,16-7.178,16-16S72.822,48,64,48z\" fill=\"#fff\"><\/path><\/g><g><circle cx=\"89.5\" cy=\"38.5\" fill=\"#fff\" r=\"5.5\"><\/circle><\/g><\/g><\/svg><\/span><\/a><a aria-label=\"Facebook\" class=\"heateor_sss_facebook\" href=\"https:\/\/www.facebook.com\/sharer\/sharer.php?u=https%3A%2F%2Fwww.circuitodetorremocha.es%2FNeweb%2Fwp-json%2Fwp%2Fv2%2Fpages%2F35\" title=\"Facebook\" rel=\"nofollow noopener\" target=\"_blank\" style=\"font-size:32px!important;box-shadow:none;display:inline-block;vertical-align:middle\"><span class=\"heateor_sss_svg\" style=\"background-color:#0765FE;width:40px;height:40px;margin:0;display:inline-block;opacity:1;float:left;font-size:32px;box-shadow:none;display:inline-block;font-size:16px;padding:0 4px;vertical-align:middle;background-repeat:repeat;overflow:hidden;padding:0;cursor:pointer;box-sizing:content-box\"><svg style=\"display:block;\" focusable=\"false\" aria-hidden=\"true\" xmlns=\"http:\/\/www.w3.org\/2000\/svg\" width=\"100%\" height=\"100%\" viewBox=\"0 0 32 32\"><path fill=\"#fff\" d=\"M28 16c0-6.627-5.373-12-12-12S4 9.373 4 16c0 5.628 3.875 10.35 9.101 11.647v-7.98h-2.474V16H13.1v-1.58c0-4.085 1.849-5.978 5.859-5.978.76 0 2.072.15 2.608.298v3.325c-.283-.03-.775-.045-1.386-.045-1.967 0-2.728.745-2.728 2.683V16h3.92l-.673 3.667h-3.247v8.245C23.395 27.195 28 22.135 28 16Z\"><\/path><\/svg><\/span><\/a><a aria-label=\"Twitter\" class=\"heateor_sss_button_twitter\" href=\"https:\/\/twitter.com\/intent\/tweet?text=Karting%20Teruel%20%7C%20Torremocha%20Del%20Jiloca%20%7C%20Karting%20y%20Paintball%20en%20Teruel%20-%20Karts%20y%20Paintball%20en%20Teruel.%20Eventos%20para%20grupos.%20Despedidas%20de%20soltero.Cumplea%C3%B1os%20y%20fiestas&url=https%3A%2F%2Fwww.circuitodetorremocha.es%2FNeweb%2Fwp-json%2Fwp%2Fv2%2Fpages%2F35\" title=\"Twitter\" rel=\"nofollow noopener\" target=\"_blank\" style=\"font-size:32px!important;box-shadow:none;display:inline-block;vertical-align:middle\"><span class=\"heateor_sss_svg heateor_sss_s__default heateor_sss_s_twitter\" style=\"background-color:#55acee;width:40px;height:40px;margin:0;display:inline-block;opacity:1;float:left;font-size:32px;box-shadow:none;display:inline-block;font-size:16px;padding:0 4px;vertical-align:middle;background-repeat:repeat;overflow:hidden;padding:0;cursor:pointer;box-sizing:content-box\"><svg style=\"display:block;\" focusable=\"false\" aria-hidden=\"true\" xmlns=\"http:\/\/www.w3.org\/2000\/svg\" width=\"100%\" height=\"100%\" viewBox=\"-4 -4 39 39\"><path d=\"M28 8.557a9.913 9.913 0 0 1-2.828.775 4.93 4.93 0 0 0 2.166-2.725 9.738 9.738 0 0 1-3.13 1.194 4.92 4.92 0 0 0-3.593-1.55 4.924 4.924 0 0 0-4.794 6.049c-4.09-.21-7.72-2.17-10.15-5.15a4.942 4.942 0 0 0-.665 2.477c0 1.71.87 3.214 2.19 4.1a4.968 4.968 0 0 1-2.23-.616v.06c0 2.39 1.7 4.38 3.952 4.83-.414.115-.85.174-1.297.174-.318 0-.626-.03-.928-.086a4.935 4.935 0 0 0 4.6 3.42 9.893 9.893 0 0 1-6.114 2.107c-.398 0-.79-.023-1.175-.068a13.953 13.953 0 0 0 7.55 2.213c9.056 0 14.01-7.507 14.01-14.013 0-.213-.005-.426-.015-.637.96-.695 1.795-1.56 2.455-2.55z\" fill=\"#fff\"><\/path><\/svg><\/span><\/a><a aria-label=\"Whatsapp\" class=\"heateor_sss_whatsapp\" href=\"https:\/\/api.whatsapp.com\/send?text=Karting%20Teruel%20%7C%20Torremocha%20Del%20Jiloca%20%7C%20Karting%20y%20Paintball%20en%20Teruel%20-%20Karts%20y%20Paintball%20en%20Teruel.%20Eventos%20para%20grupos.%20Despedidas%20de%20soltero.Cumplea%C3%B1os%20y%20fiestas%20https%3A%2F%2Fwww.circuitodetorremocha.es%2FNeweb%2Fwp-json%2Fwp%2Fv2%2Fpages%2F35\" title=\"Whatsapp\" rel=\"nofollow noopener\" target=\"_blank\" style=\"font-size:32px!important;box-shadow:none;display:inline-block;vertical-align:middle\"><span class=\"heateor_sss_svg\" style=\"background-color:#55eb4c;width:40px;height:40px;margin:0;display:inline-block;opacity:1;float:left;font-size:32px;box-shadow:none;display:inline-block;font-size:16px;padding:0 4px;vertical-align:middle;background-repeat:repeat;overflow:hidden;padding:0;cursor:pointer;box-sizing:content-box\"><svg style=\"display:block;\" focusable=\"false\" aria-hidden=\"true\" xmlns=\"http:\/\/www.w3.org\/2000\/svg\" width=\"100%\" height=\"100%\" viewBox=\"-6 -5 40 40\"><path class=\"heateor_sss_svg_stroke heateor_sss_no_fill\" stroke=\"#fff\" stroke-width=\"2\" fill=\"none\" d=\"M 11.579798566743314 24.396926207859085 A 10 10 0 1 0 6.808479557110079 20.73576436351046\"><\/path><path d=\"M 7 19 l -1 6 l 6 -1\" class=\"heateor_sss_no_fill heateor_sss_svg_stroke\" stroke=\"#fff\" stroke-width=\"2\" fill=\"none\"><\/path><path d=\"M 10 10 q -1 8 8 11 c 5 -1 0 -6 -1 -3 q -4 -3 -5 -5 c 4 -2 -1 -5 -1 -4\" fill=\"#fff\"><\/path><\/svg><\/span><\/a><a aria-label=\"Telegram\" class=\"heateor_sss_button_telegram\" href=\"https:\/\/telegram.me\/share\/url?url=https%3A%2F%2Fwww.circuitodetorremocha.es%2FNeweb%2Fwp-json%2Fwp%2Fv2%2Fpages%2F35&text=Karting%20Teruel%20%7C%20Torremocha%20Del%20Jiloca%20%7C%20Karting%20y%20Paintball%20en%20Teruel%20-%20Karts%20y%20Paintball%20en%20Teruel.%20Eventos%20para%20grupos.%20Despedidas%20de%20soltero.Cumplea%C3%B1os%20y%20fiestas\" title=\"Telegram\" rel=\"nofollow noopener\" target=\"_blank\" style=\"font-size:32px!important;box-shadow:none;display:inline-block;vertical-align:middle\"><span class=\"heateor_sss_svg heateor_sss_s__default heateor_sss_s_telegram\" style=\"background-color:#3da5f1;width:40px;height:40px;margin:0;display:inline-block;opacity:1;float:left;font-size:32px;box-shadow:none;display:inline-block;font-size:16px;padding:0 4px;vertical-align:middle;background-repeat:repeat;overflow:hidden;padding:0;cursor:pointer;box-sizing:content-box\"><svg style=\"display:block;\" focusable=\"false\" aria-hidden=\"true\" xmlns=\"http:\/\/www.w3.org\/2000\/svg\" width=\"100%\" height=\"100%\" viewBox=\"0 0 32 32\"><path fill=\"#fff\" d=\"M25.515 6.896L6.027 14.41c-1.33.534-1.322 1.276-.243 1.606l5 1.56 1.72 5.66c.226.625.115.873.77.873.506 0 .73-.235 1.012-.51l2.43-2.363 5.056 3.734c.93.514 1.602.25 1.834-.863l3.32-15.638c.338-1.363-.52-1.98-1.41-1.577z\"><\/path><\/svg><\/span><\/a><a aria-label=\"Email\" class=\"heateor_sss_email\" href=\"https:\/\/www.circuitodetorremocha.es\/Neweb\/wp-json\/wp\/v2\/pages\/35\" onclick=\"event.preventDefault();window.open('mailto:?subject=' + decodeURIComponent('Karting%20Teruel%20%7C%20Torremocha%20Del%20Jiloca%20%7C%20Karting%20y%20Paintball%20en%20Teruel%20-%20Karts%20y%20Paintball%20en%20Teruel.%20Eventos%20para%20grupos.%20Despedidas%20de%20soltero.Cumplea%C3%B1os%20y%20fiestas').replace('&', '%26') + '&body=https%3A%2F%2Fwww.circuitodetorremocha.es%2FNeweb%2Fwp-json%2Fwp%2Fv2%2Fpages%2F35', '_blank')\" title=\"Email\" rel=\"noopener\" style=\"font-size:32px!important;box-shadow:none;display:inline-block;vertical-align:middle\"><span class=\"heateor_sss_svg\" style=\"background-color:#649a3f;width:40px;height:40px;margin:0;display:inline-block;opacity:1;float:left;font-size:32px;box-shadow:none;display:inline-block;font-size:16px;padding:0 4px;vertical-align:middle;background-repeat:repeat;overflow:hidden;padding:0;cursor:pointer;box-sizing:content-box\"><svg style=\"display:block;\" focusable=\"false\" aria-hidden=\"true\" xmlns=\"http:\/\/www.w3.org\/2000\/svg\" width=\"100%\" height=\"100%\" viewBox=\"-.75 -.5 36 36\"><path d=\"M 5.5 11 h 23 v 1 l -11 6 l -11 -6 v -1 m 0 2 l 11 6 l 11 -6 v 11 h -22 v -11\" stroke-width=\"1\" fill=\"#fff\"><\/path><\/svg><\/span><\/a><a aria-label=\"Reddit\" class=\"heateor_sss_button_reddit\" href=\"https:\/\/reddit.com\/submit?url=https%3A%2F%2Fwww.circuitodetorremocha.es%2FNeweb%2Fwp-json%2Fwp%2Fv2%2Fpages%2F35&title=Karting%20Teruel%20%7C%20Torremocha%20Del%20Jiloca%20%7C%20Karting%20y%20Paintball%20en%20Teruel%20-%20Karts%20y%20Paintball%20en%20Teruel.%20Eventos%20para%20grupos.%20Despedidas%20de%20soltero.Cumplea%C3%B1os%20y%20fiestas\" title=\"Reddit\" rel=\"nofollow noopener\" target=\"_blank\" style=\"font-size:32px!important;box-shadow:none;display:inline-block;vertical-align:middle\"><span class=\"heateor_sss_svg heateor_sss_s__default heateor_sss_s_reddit\" style=\"background-color:#ff5700;width:40px;height:40px;margin:0;display:inline-block;opacity:1;float:left;font-size:32px;box-shadow:none;display:inline-block;font-size:16px;padding:0 4px;vertical-align:middle;background-repeat:repeat;overflow:hidden;padding:0;cursor:pointer;box-sizing:content-box\"><svg style=\"display:block;\" focusable=\"false\" aria-hidden=\"true\" xmlns=\"http:\/\/www.w3.org\/2000\/svg\" width=\"100%\" height=\"100%\" viewBox=\"-3.5 -3.5 39 39\"><path d=\"M28.543 15.774a2.953 2.953 0 0 0-2.951-2.949 2.882 2.882 0 0 0-1.9.713 14.075 14.075 0 0 0-6.85-2.044l1.38-4.349 3.768.884a2.452 2.452 0 1 0 .24-1.176l-4.274-1a.6.6 0 0 0-.709.4l-1.659 5.224a14.314 14.314 0 0 0-7.316 2.029 2.908 2.908 0 0 0-1.872-.681 2.942 2.942 0 0 0-1.618 5.4 5.109 5.109 0 0 0-.062.765c0 4.158 5.037 7.541 11.229 7.541s11.22-3.383 11.22-7.541a5.2 5.2 0 0 0-.053-.706 2.963 2.963 0 0 0 1.427-2.51zm-18.008 1.88a1.753 1.753 0 0 1 1.73-1.74 1.73 1.73 0 0 1 1.709 1.74 1.709 1.709 0 0 1-1.709 1.711 1.733 1.733 0 0 1-1.73-1.711zm9.565 4.968a5.573 5.573 0 0 1-4.081 1.272h-.032a5.576 5.576 0 0 1-4.087-1.272.6.6 0 0 1 .844-.854 4.5 4.5 0 0 0 3.238.927h.032a4.5 4.5 0 0 0 3.237-.927.6.6 0 1 1 .844.854zm-.331-3.256a1.726 1.726 0 1 1 1.709-1.712 1.717 1.717 0 0 1-1.712 1.712z\" fill=\"#fff\"\/><\/svg><\/span><\/a><a aria-label=\"Linkedin\" class=\"heateor_sss_button_linkedin\" href=\"https:\/\/www.linkedin.com\/sharing\/share-offsite\/?url=https%3A%2F%2Fwww.circuitodetorremocha.es%2FNeweb%2Fwp-json%2Fwp%2Fv2%2Fpages%2F35\" title=\"Linkedin\" rel=\"nofollow noopener\" target=\"_blank\" style=\"font-size:32px!important;box-shadow:none;display:inline-block;vertical-align:middle\"><span class=\"heateor_sss_svg heateor_sss_s__default heateor_sss_s_linkedin\" style=\"background-color:#0077b5;width:40px;height:40px;margin:0;display:inline-block;opacity:1;float:left;font-size:32px;box-shadow:none;display:inline-block;font-size:16px;padding:0 4px;vertical-align:middle;background-repeat:repeat;overflow:hidden;padding:0;cursor:pointer;box-sizing:content-box\"><svg style=\"display:block;\" focusable=\"false\" aria-hidden=\"true\" xmlns=\"http:\/\/www.w3.org\/2000\/svg\" width=\"100%\" height=\"100%\" viewBox=\"0 0 32 32\"><path d=\"M6.227 12.61h4.19v13.48h-4.19V12.61zm2.095-6.7a2.43 2.43 0 0 1 0 4.86c-1.344 0-2.428-1.09-2.428-2.43s1.084-2.43 2.428-2.43m4.72 6.7h4.02v1.84h.058c.56-1.058 1.927-2.176 3.965-2.176 4.238 0 5.02 2.792 5.02 6.42v7.395h-4.183v-6.56c0-1.564-.03-3.574-2.178-3.574-2.18 0-2.514 1.7-2.514 3.46v6.668h-4.187V12.61z\" fill=\"#fff\"><\/path><\/svg><\/span><\/a><a aria-label=\"Pinterest\" class=\"heateor_sss_button_pinterest\" href=\"https:\/\/www.circuitodetorremocha.es\/Neweb\/wp-json\/wp\/v2\/pages\/35\" onclick=\"event.preventDefault();javascript:void( (function() {var e=document.createElement('script' );e.setAttribute('type','text\/javascript' );e.setAttribute('charset','UTF-8' );e.setAttribute('src','\/\/assets.pinterest.com\/js\/pinmarklet.js?r='+Math.random()*99999999);document.body.appendChild(e)})());\" title=\"Pinterest\" rel=\"noopener\" style=\"font-size:32px!important;box-shadow:none;display:inline-block;vertical-align:middle\"><span class=\"heateor_sss_svg heateor_sss_s__default heateor_sss_s_pinterest\" style=\"background-color:#cc2329;width:40px;height:40px;margin:0;display:inline-block;opacity:1;float:left;font-size:32px;box-shadow:none;display:inline-block;font-size:16px;padding:0 4px;vertical-align:middle;background-repeat:repeat;overflow:hidden;padding:0;cursor:pointer;box-sizing:content-box\"><svg style=\"display:block;\" focusable=\"false\" aria-hidden=\"true\" xmlns=\"http:\/\/www.w3.org\/2000\/svg\" width=\"100%\" height=\"100%\" viewBox=\"-2 -2 35 35\"><path fill=\"#fff\" d=\"M16.539 4.5c-6.277 0-9.442 4.5-9.442 8.253 0 2.272.86 4.293 2.705 5.046.303.125.574.005.662-.33.061-.231.205-.816.27-1.06.088-.331.053-.447-.191-.736-.532-.627-.873-1.439-.873-2.591 0-3.338 2.498-6.327 6.505-6.327 3.548 0 5.497 2.168 5.497 5.062 0 3.81-1.686 7.025-4.188 7.025-1.382 0-2.416-1.142-2.085-2.545.397-1.674 1.166-3.48 1.166-4.689 0-1.081-.581-1.983-1.782-1.983-1.413 0-2.548 1.462-2.548 3.419 0 1.247.421 2.091.421 2.091l-1.699 7.199c-.505 2.137-.076 4.755-.039 5.019.021.158.223.196.314.077.13-.17 1.813-2.247 2.384-4.324.162-.587.929-3.631.929-3.631.46.876 1.801 1.646 3.227 1.646 4.247 0 7.128-3.871 7.128-9.053.003-3.918-3.317-7.568-8.361-7.568z\"\/><\/svg><\/span><\/a><\/div><div class=\"heateorSssClear\"><\/div><\/div>","protected":false},"author":1,"featured_media":0,"parent":3366,"menu_order":2,"comment_status":"closed","ping_status":"open","template":"","meta":{"footnotes":""},"class_list":["post-35","page","type-page","status-publish","hentry"],"_links":{"self":[{"href":"https:\/\/www.circuitodetorremocha.es\/Neweb\/wp-json\/wp\/v2\/pages\/35","targetHints":{"allow":["GET"]}}],"collection":[{"href":"https:\/\/www.circuitodetorremocha.es\/Neweb\/wp-json\/wp\/v2\/pages"}],"about":[{"href":"https:\/\/www.circuitodetorremocha.es\/Neweb\/wp-json\/wp\/v2\/types\/page"}],"author":[{"embeddable":true,"href":"https:\/\/www.circuitodetorremocha.es\/Neweb\/wp-json\/wp\/v2\/users\/1"}],"replies":[{"embeddable":true,"href":"https:\/\/www.circuitodetorremocha.es\/Neweb\/wp-json\/wp\/v2\/comments?post=35"}],"version-history":[{"count":8,"href":"https:\/\/www.circuitodetorremocha.es\/Neweb\/wp-json\/wp\/v2\/pages\/35\/revisions"}],"predecessor-version":[{"id":6963,"href":"https:\/\/www.circuitodetorremocha.es\/Neweb\/wp-json\/wp\/v2\/pages\/35\/revisions\/6963"}],"up":[{"embeddable":true,"href":"https:\/\/www.circuitodetorremocha.es\/Neweb\/wp-json\/wp\/v2\/pages\/3366"}],"wp:attachment":[{"href":"https:\/\/www.circuitodetorremocha.es\/Neweb\/wp-json\/wp\/v2\/media?parent=35"}],"curies":[{"name":"wp","href":"https:\/\/api.w.org\/{rel}","templated":true}]}}