{"id":4552,"date":"2017-01-25T18:33:12","date_gmt":"2017-01-25T18:33:12","guid":{"rendered":"http:\/\/www.circuitodetorremocha.es\/Neweb\/?page_id=4552"},"modified":"2017-01-29T11:38:21","modified_gmt":"2017-01-29T11:38:21","slug":"historia","status":"publish","type":"page","link":"https:\/\/www.circuitodetorremocha.es\/Neweb\/historia\/","title":{"rendered":"Historia"},"content":{"rendered":"<p><a href=\"http:\/\/www.circuitodetorremocha.es\/Neweb\/wp-content\/uploads\/2017\/01\/Aerea1.jpg\"><img loading=\"lazy\" decoding=\"async\" class=\"alignleft wp-image-4555\" src=\"http:\/\/www.circuitodetorremocha.es\/Neweb\/wp-content\/uploads\/2017\/01\/Aerea1-1800x1200.jpg\" width=\"396\" height=\"264\" srcset=\"https:\/\/www.circuitodetorremocha.es\/Neweb\/wp-content\/uploads\/2017\/01\/Aerea1-1800x1200.jpg 1800w, https:\/\/www.circuitodetorremocha.es\/Neweb\/wp-content\/uploads\/2017\/01\/Aerea1-300x200.jpg 300w, https:\/\/www.circuitodetorremocha.es\/Neweb\/wp-content\/uploads\/2017\/01\/Aerea1-768x512.jpg 768w, https:\/\/www.circuitodetorremocha.es\/Neweb\/wp-content\/uploads\/2017\/01\/Aerea1-600x400.jpg 600w\" sizes=\"auto, (max-width: 396px) 100vw, 396px\" \/><\/a>El Circuito de Torremocha, es el fruto del trabajo y trayectoria en las carreras de motocross y motociclismo, que desde 1986 se ha venido a desarrollar por los componentes del proyecto, ampliando a la competici\u00f3n del karting desde la inauguraci\u00f3n de la pista en 2006.<\/p>\n<p>Siendo una de la pistas mas grandes del panorama nacional, se han venido a desarrollar competiciones de todo tipo; karting, motociclismo, slalom etc.<\/p>\n<p>En 2009 se celebr\u00f3 una de las primeras pruebas de las famosas Series Rotax, siendo alabado el circuito por muchos de los participantes por su calidad t\u00e9cnica en la que el piloto puede demostrar todo su talento y puede refrejarlo en su tiempo por vuelta.<\/p>\n<h4><a href=\"http:\/\/www.circuitodetorremocha.es\/Neweb\/wp-content\/uploads\/2017\/01\/DSCN0857.jpg\"><img loading=\"lazy\" decoding=\"async\" class=\"alignright wp-image-4553\" src=\"http:\/\/www.circuitodetorremocha.es\/Neweb\/wp-content\/uploads\/2017\/01\/DSCN0857-1273x1800.jpg\" width=\"209\" height=\"296\" srcset=\"https:\/\/www.circuitodetorremocha.es\/Neweb\/wp-content\/uploads\/2017\/01\/DSCN0857-1273x1800.jpg 1273w, https:\/\/www.circuitodetorremocha.es\/Neweb\/wp-content\/uploads\/2017\/01\/DSCN0857-212x300.jpg 212w, https:\/\/www.circuitodetorremocha.es\/Neweb\/wp-content\/uploads\/2017\/01\/DSCN0857-768x1086.jpg 768w, https:\/\/www.circuitodetorremocha.es\/Neweb\/wp-content\/uploads\/2017\/01\/DSCN0857-600x848.jpg 600w\" sizes=\"auto, (max-width: 209px) 100vw, 209px\" \/><\/a>Miguel Angel P\u00e9rez Escutia, una vida en las carreras.<\/h4>\n<p>-\u00ab<em>La pasi\u00f3n por las carreras se lleva dentro, o la tienes o no, se ve desde muy ni\u00f1o &#8230;&#8230;si la tienes est\u00e1s vivo&#8230;. no hay sensaci\u00f3n igual!<\/em> \u00ab.<\/p>\n<p>Con esta premisa Miguel Angel ha venido afrontando la direcci\u00f3n deportiva tanto en la organizaci\u00f3n de pruebas de todo tipo, la asistencia t\u00e9cnica en pruebas y campeonatos, y sus conocimientos t\u00e9cnicos sobre motores.<\/p>\n<p>Tras fundar en 1999 el Moto Club Teruel Sobre Ruedas, organiz\u00f3 y dirigi\u00f3 junto con su buen amigo Tom\u00e1s Villarroya la construcci\u00f3n del complejo de Motocross y Autocross de Caparrates en la ciudad de Teruel. Posteriormente se unieron a la directiva el Club Enrique y Faustino Royuela . Enrique fue sin duda el principal instigador de la construcci\u00f3n del Circuito de Torremocha, certific\u00f3 el dise\u00f1o de su trazado, muy imitado por otras pistas de categor\u00eda internacional, y su contribuci\u00f3n al proyecto fue inestimable .<\/p>\n<p>Francisco Dob\u00f3n y Santiago Marco, al frente del Ayuntamiento de Torremocha del Jiloca fueron la pieza clave para que el Circuito recabara en el bonito municipio de Torremocha del Jiloca, provincia de Teruel.<\/p>\n<p>Concebido de origen para ser un circuito de motos, enseguida surgi\u00f3 la pasi\u00f3n por los karts. Hoy en d\u00eda es un centro de ocio deportivo sin igual en la zona, contando con karts de Alquiler, Paintball, cafeter\u00eda&#8230; y todo lo necesario para la organizaci\u00f3n de competiciones deportivas.<\/p>\n<h4><\/h4>\n<p>&nbsp;<\/p>\n","protected":false},"excerpt":{"rendered":"<p>El Circuito de Torremocha, es el fruto del trabajo y trayectoria en las carreras de motocross y motociclismo, que desde 1986 se ha venido a desarrollar por los componentes del proyecto, ampliando a la competici\u00f3n del karting desde la inauguraci\u00f3n de la pista en 2006. Siendo una de la pistas mas grandes del panorama nacional, se han venido a desarrollar competiciones de todo tipo; karting, motociclismo, slalom etc. En 2009 se celebr\u00f3 una de las primeras pruebas de las famosas Series Rotax, siendo alabado el circuito por muchos de los participantes por su calidad t\u00e9cnica en la que el piloto puede demostrar todo su talento y puede refrejarlo en su tiempo por vuelta. Miguel Angel P\u00e9rez Escutia, una vida en las carreras. -\u00abLa pasi\u00f3n por las carreras se lleva dentro, o la tienes o no, se ve desde muy ni\u00f1o &#8230;&#8230;si la tienes est\u00e1s vivo&#8230;. no hay sensaci\u00f3n igual! \u00ab. Con esta premisa Miguel Angel ha venido afrontando la direcci\u00f3n deportiva tanto en la organizaci\u00f3n de pruebas de todo tipo, la asistencia t\u00e9cnica en pruebas y campeonatos, y sus conocimientos t\u00e9cnicos sobre motores. Tras fundar en 1999 el Moto Club Teruel Sobre Ruedas, organiz\u00f3 y dirigi\u00f3 junto con su buen amigo Tom\u00e1s Villarroya la construcci\u00f3n del complejo de Motocross y Autocross de Caparrates en la ciudad de Teruel. Posteriormente se unieron a la directiva el Club Enrique y Faustino Royuela . Enrique fue sin duda el principal instigador de la construcci\u00f3n del Circuito de Torremocha, certific\u00f3 el dise\u00f1o de su [&hellip;]<\/p>\n<div class='heateor_sss_sharing_container heateor_sss_vertical_sharing heateor_sss_bottom_sharing' style='width:44px;left: -10px;top: 100px;-webkit-box-shadow:none;box-shadow:none;' data-heateor-sss-href='https:\/\/www.circuitodetorremocha.es\/Neweb\/wp-json\/wp\/v2\/pages\/4552'><div class=\"heateor_sss_sharing_ul\"><a aria-label=\"Instagram\" class=\"heateor_sss_button_instagram\" href=\"https:\/\/www.instagram.com\/\" title=\"Instagram\" rel=\"nofollow noopener\" target=\"_blank\" style=\"font-size:32px!important;box-shadow:none;display:inline-block;vertical-align:middle\"><span class=\"heateor_sss_svg\" style=\"background-color:#53beee;width:40px;height:40px;margin:0;display:inline-block;opacity:1;float:left;font-size:32px;box-shadow:none;display:inline-block;font-size:16px;padding:0 4px;vertical-align:middle;background-repeat:repeat;overflow:hidden;padding:0;cursor:pointer;box-sizing:content-box\"><svg style=\"display:block;\" version=\"1.1\" viewBox=\"-10 -10 148 148\" width=\"100%\" height=\"100%\" xml:space=\"preserve\" xmlns=\"http:\/\/www.w3.org\/2000\/svg\" xmlns:xlink=\"http:\/\/www.w3.org\/1999\/xlink\"><g><g><path d=\"M86,112H42c-14.336,0-26-11.663-26-26V42c0-14.337,11.664-26,26-26h44c14.337,0,26,11.663,26,26v44 C112,100.337,100.337,112,86,112z M42,24c-9.925,0-18,8.074-18,18v44c0,9.925,8.075,18,18,18h44c9.926,0,18-8.075,18-18V42 c0-9.926-8.074-18-18-18H42z\" fill=\"#fff\"><\/path><\/g><g><path d=\"M64,88c-13.234,0-24-10.767-24-24c0-13.234,10.766-24,24-24s24,10.766,24,24C88,77.233,77.234,88,64,88z M64,48c-8.822,0-16,7.178-16,16s7.178,16,16,16c8.822,0,16-7.178,16-16S72.822,48,64,48z\" fill=\"#fff\"><\/path><\/g><g><circle cx=\"89.5\" cy=\"38.5\" fill=\"#fff\" r=\"5.5\"><\/circle><\/g><\/g><\/svg><\/span><\/a><a aria-label=\"Facebook\" class=\"heateor_sss_facebook\" href=\"https:\/\/www.facebook.com\/sharer\/sharer.php?u=https%3A%2F%2Fwww.circuitodetorremocha.es%2FNeweb%2Fwp-json%2Fwp%2Fv2%2Fpages%2F4552\" title=\"Facebook\" rel=\"nofollow noopener\" target=\"_blank\" style=\"font-size:32px!important;box-shadow:none;display:inline-block;vertical-align:middle\"><span class=\"heateor_sss_svg\" style=\"background-color:#0765FE;width:40px;height:40px;margin:0;display:inline-block;opacity:1;float:left;font-size:32px;box-shadow:none;display:inline-block;font-size:16px;padding:0 4px;vertical-align:middle;background-repeat:repeat;overflow:hidden;padding:0;cursor:pointer;box-sizing:content-box\"><svg style=\"display:block;\" focusable=\"false\" aria-hidden=\"true\" xmlns=\"http:\/\/www.w3.org\/2000\/svg\" width=\"100%\" height=\"100%\" viewBox=\"0 0 32 32\"><path fill=\"#fff\" d=\"M28 16c0-6.627-5.373-12-12-12S4 9.373 4 16c0 5.628 3.875 10.35 9.101 11.647v-7.98h-2.474V16H13.1v-1.58c0-4.085 1.849-5.978 5.859-5.978.76 0 2.072.15 2.608.298v3.325c-.283-.03-.775-.045-1.386-.045-1.967 0-2.728.745-2.728 2.683V16h3.92l-.673 3.667h-3.247v8.245C23.395 27.195 28 22.135 28 16Z\"><\/path><\/svg><\/span><\/a><a aria-label=\"Twitter\" class=\"heateor_sss_button_twitter\" href=\"https:\/\/twitter.com\/intent\/tweet?text=Karting%20Teruel%20%7C%20Torremocha%20Del%20Jiloca%20%7C%20Karting%20y%20Paintball%20en%20Teruel%20-%20Karts%20y%20Paintball%20en%20Teruel.%20Eventos%20para%20grupos.%20Despedidas%20de%20soltero.Cumplea%C3%B1os%20y%20fiestas&url=https%3A%2F%2Fwww.circuitodetorremocha.es%2FNeweb%2Fwp-json%2Fwp%2Fv2%2Fpages%2F4552\" title=\"Twitter\" rel=\"nofollow noopener\" target=\"_blank\" style=\"font-size:32px!important;box-shadow:none;display:inline-block;vertical-align:middle\"><span class=\"heateor_sss_svg heateor_sss_s__default heateor_sss_s_twitter\" style=\"background-color:#55acee;width:40px;height:40px;margin:0;display:inline-block;opacity:1;float:left;font-size:32px;box-shadow:none;display:inline-block;font-size:16px;padding:0 4px;vertical-align:middle;background-repeat:repeat;overflow:hidden;padding:0;cursor:pointer;box-sizing:content-box\"><svg style=\"display:block;\" focusable=\"false\" aria-hidden=\"true\" xmlns=\"http:\/\/www.w3.org\/2000\/svg\" width=\"100%\" height=\"100%\" viewBox=\"-4 -4 39 39\"><path d=\"M28 8.557a9.913 9.913 0 0 1-2.828.775 4.93 4.93 0 0 0 2.166-2.725 9.738 9.738 0 0 1-3.13 1.194 4.92 4.92 0 0 0-3.593-1.55 4.924 4.924 0 0 0-4.794 6.049c-4.09-.21-7.72-2.17-10.15-5.15a4.942 4.942 0 0 0-.665 2.477c0 1.71.87 3.214 2.19 4.1a4.968 4.968 0 0 1-2.23-.616v.06c0 2.39 1.7 4.38 3.952 4.83-.414.115-.85.174-1.297.174-.318 0-.626-.03-.928-.086a4.935 4.935 0 0 0 4.6 3.42 9.893 9.893 0 0 1-6.114 2.107c-.398 0-.79-.023-1.175-.068a13.953 13.953 0 0 0 7.55 2.213c9.056 0 14.01-7.507 14.01-14.013 0-.213-.005-.426-.015-.637.96-.695 1.795-1.56 2.455-2.55z\" fill=\"#fff\"><\/path><\/svg><\/span><\/a><a aria-label=\"Whatsapp\" class=\"heateor_sss_whatsapp\" href=\"https:\/\/api.whatsapp.com\/send?text=Karting%20Teruel%20%7C%20Torremocha%20Del%20Jiloca%20%7C%20Karting%20y%20Paintball%20en%20Teruel%20-%20Karts%20y%20Paintball%20en%20Teruel.%20Eventos%20para%20grupos.%20Despedidas%20de%20soltero.Cumplea%C3%B1os%20y%20fiestas%20https%3A%2F%2Fwww.circuitodetorremocha.es%2FNeweb%2Fwp-json%2Fwp%2Fv2%2Fpages%2F4552\" title=\"Whatsapp\" rel=\"nofollow noopener\" target=\"_blank\" style=\"font-size:32px!important;box-shadow:none;display:inline-block;vertical-align:middle\"><span class=\"heateor_sss_svg\" style=\"background-color:#55eb4c;width:40px;height:40px;margin:0;display:inline-block;opacity:1;float:left;font-size:32px;box-shadow:none;display:inline-block;font-size:16px;padding:0 4px;vertical-align:middle;background-repeat:repeat;overflow:hidden;padding:0;cursor:pointer;box-sizing:content-box\"><svg style=\"display:block;\" focusable=\"false\" aria-hidden=\"true\" xmlns=\"http:\/\/www.w3.org\/2000\/svg\" width=\"100%\" height=\"100%\" viewBox=\"-6 -5 40 40\"><path class=\"heateor_sss_svg_stroke heateor_sss_no_fill\" stroke=\"#fff\" stroke-width=\"2\" fill=\"none\" d=\"M 11.579798566743314 24.396926207859085 A 10 10 0 1 0 6.808479557110079 20.73576436351046\"><\/path><path d=\"M 7 19 l -1 6 l 6 -1\" class=\"heateor_sss_no_fill heateor_sss_svg_stroke\" stroke=\"#fff\" stroke-width=\"2\" fill=\"none\"><\/path><path d=\"M 10 10 q -1 8 8 11 c 5 -1 0 -6 -1 -3 q -4 -3 -5 -5 c 4 -2 -1 -5 -1 -4\" fill=\"#fff\"><\/path><\/svg><\/span><\/a><a aria-label=\"Telegram\" class=\"heateor_sss_button_telegram\" href=\"https:\/\/telegram.me\/share\/url?url=https%3A%2F%2Fwww.circuitodetorremocha.es%2FNeweb%2Fwp-json%2Fwp%2Fv2%2Fpages%2F4552&text=Karting%20Teruel%20%7C%20Torremocha%20Del%20Jiloca%20%7C%20Karting%20y%20Paintball%20en%20Teruel%20-%20Karts%20y%20Paintball%20en%20Teruel.%20Eventos%20para%20grupos.%20Despedidas%20de%20soltero.Cumplea%C3%B1os%20y%20fiestas\" title=\"Telegram\" rel=\"nofollow noopener\" target=\"_blank\" style=\"font-size:32px!important;box-shadow:none;display:inline-block;vertical-align:middle\"><span class=\"heateor_sss_svg heateor_sss_s__default heateor_sss_s_telegram\" style=\"background-color:#3da5f1;width:40px;height:40px;margin:0;display:inline-block;opacity:1;float:left;font-size:32px;box-shadow:none;display:inline-block;font-size:16px;padding:0 4px;vertical-align:middle;background-repeat:repeat;overflow:hidden;padding:0;cursor:pointer;box-sizing:content-box\"><svg style=\"display:block;\" focusable=\"false\" aria-hidden=\"true\" xmlns=\"http:\/\/www.w3.org\/2000\/svg\" width=\"100%\" height=\"100%\" viewBox=\"0 0 32 32\"><path fill=\"#fff\" d=\"M25.515 6.896L6.027 14.41c-1.33.534-1.322 1.276-.243 1.606l5 1.56 1.72 5.66c.226.625.115.873.77.873.506 0 .73-.235 1.012-.51l2.43-2.363 5.056 3.734c.93.514 1.602.25 1.834-.863l3.32-15.638c.338-1.363-.52-1.98-1.41-1.577z\"><\/path><\/svg><\/span><\/a><a aria-label=\"Email\" class=\"heateor_sss_email\" href=\"https:\/\/www.circuitodetorremocha.es\/Neweb\/wp-json\/wp\/v2\/pages\/4552\" onclick=\"event.preventDefault();window.open('mailto:?subject=' + decodeURIComponent('Karting%20Teruel%20%7C%20Torremocha%20Del%20Jiloca%20%7C%20Karting%20y%20Paintball%20en%20Teruel%20-%20Karts%20y%20Paintball%20en%20Teruel.%20Eventos%20para%20grupos.%20Despedidas%20de%20soltero.Cumplea%C3%B1os%20y%20fiestas').replace('&', '%26') + '&body=https%3A%2F%2Fwww.circuitodetorremocha.es%2FNeweb%2Fwp-json%2Fwp%2Fv2%2Fpages%2F4552', '_blank')\" title=\"Email\" rel=\"noopener\" style=\"font-size:32px!important;box-shadow:none;display:inline-block;vertical-align:middle\"><span class=\"heateor_sss_svg\" style=\"background-color:#649a3f;width:40px;height:40px;margin:0;display:inline-block;opacity:1;float:left;font-size:32px;box-shadow:none;display:inline-block;font-size:16px;padding:0 4px;vertical-align:middle;background-repeat:repeat;overflow:hidden;padding:0;cursor:pointer;box-sizing:content-box\"><svg style=\"display:block;\" focusable=\"false\" aria-hidden=\"true\" xmlns=\"http:\/\/www.w3.org\/2000\/svg\" width=\"100%\" height=\"100%\" viewBox=\"-.75 -.5 36 36\"><path d=\"M 5.5 11 h 23 v 1 l -11 6 l -11 -6 v -1 m 0 2 l 11 6 l 11 -6 v 11 h -22 v -11\" stroke-width=\"1\" fill=\"#fff\"><\/path><\/svg><\/span><\/a><a aria-label=\"Reddit\" class=\"heateor_sss_button_reddit\" href=\"https:\/\/reddit.com\/submit?url=https%3A%2F%2Fwww.circuitodetorremocha.es%2FNeweb%2Fwp-json%2Fwp%2Fv2%2Fpages%2F4552&title=Karting%20Teruel%20%7C%20Torremocha%20Del%20Jiloca%20%7C%20Karting%20y%20Paintball%20en%20Teruel%20-%20Karts%20y%20Paintball%20en%20Teruel.%20Eventos%20para%20grupos.%20Despedidas%20de%20soltero.Cumplea%C3%B1os%20y%20fiestas\" title=\"Reddit\" rel=\"nofollow noopener\" target=\"_blank\" style=\"font-size:32px!important;box-shadow:none;display:inline-block;vertical-align:middle\"><span class=\"heateor_sss_svg heateor_sss_s__default heateor_sss_s_reddit\" style=\"background-color:#ff5700;width:40px;height:40px;margin:0;display:inline-block;opacity:1;float:left;font-size:32px;box-shadow:none;display:inline-block;font-size:16px;padding:0 4px;vertical-align:middle;background-repeat:repeat;overflow:hidden;padding:0;cursor:pointer;box-sizing:content-box\"><svg style=\"display:block;\" focusable=\"false\" aria-hidden=\"true\" xmlns=\"http:\/\/www.w3.org\/2000\/svg\" width=\"100%\" height=\"100%\" viewBox=\"-3.5 -3.5 39 39\"><path d=\"M28.543 15.774a2.953 2.953 0 0 0-2.951-2.949 2.882 2.882 0 0 0-1.9.713 14.075 14.075 0 0 0-6.85-2.044l1.38-4.349 3.768.884a2.452 2.452 0 1 0 .24-1.176l-4.274-1a.6.6 0 0 0-.709.4l-1.659 5.224a14.314 14.314 0 0 0-7.316 2.029 2.908 2.908 0 0 0-1.872-.681 2.942 2.942 0 0 0-1.618 5.4 5.109 5.109 0 0 0-.062.765c0 4.158 5.037 7.541 11.229 7.541s11.22-3.383 11.22-7.541a5.2 5.2 0 0 0-.053-.706 2.963 2.963 0 0 0 1.427-2.51zm-18.008 1.88a1.753 1.753 0 0 1 1.73-1.74 1.73 1.73 0 0 1 1.709 1.74 1.709 1.709 0 0 1-1.709 1.711 1.733 1.733 0 0 1-1.73-1.711zm9.565 4.968a5.573 5.573 0 0 1-4.081 1.272h-.032a5.576 5.576 0 0 1-4.087-1.272.6.6 0 0 1 .844-.854 4.5 4.5 0 0 0 3.238.927h.032a4.5 4.5 0 0 0 3.237-.927.6.6 0 1 1 .844.854zm-.331-3.256a1.726 1.726 0 1 1 1.709-1.712 1.717 1.717 0 0 1-1.712 1.712z\" fill=\"#fff\"\/><\/svg><\/span><\/a><a aria-label=\"Linkedin\" class=\"heateor_sss_button_linkedin\" href=\"https:\/\/www.linkedin.com\/sharing\/share-offsite\/?url=https%3A%2F%2Fwww.circuitodetorremocha.es%2FNeweb%2Fwp-json%2Fwp%2Fv2%2Fpages%2F4552\" title=\"Linkedin\" rel=\"nofollow noopener\" target=\"_blank\" style=\"font-size:32px!important;box-shadow:none;display:inline-block;vertical-align:middle\"><span class=\"heateor_sss_svg heateor_sss_s__default heateor_sss_s_linkedin\" style=\"background-color:#0077b5;width:40px;height:40px;margin:0;display:inline-block;opacity:1;float:left;font-size:32px;box-shadow:none;display:inline-block;font-size:16px;padding:0 4px;vertical-align:middle;background-repeat:repeat;overflow:hidden;padding:0;cursor:pointer;box-sizing:content-box\"><svg style=\"display:block;\" focusable=\"false\" aria-hidden=\"true\" xmlns=\"http:\/\/www.w3.org\/2000\/svg\" width=\"100%\" height=\"100%\" viewBox=\"0 0 32 32\"><path d=\"M6.227 12.61h4.19v13.48h-4.19V12.61zm2.095-6.7a2.43 2.43 0 0 1 0 4.86c-1.344 0-2.428-1.09-2.428-2.43s1.084-2.43 2.428-2.43m4.72 6.7h4.02v1.84h.058c.56-1.058 1.927-2.176 3.965-2.176 4.238 0 5.02 2.792 5.02 6.42v7.395h-4.183v-6.56c0-1.564-.03-3.574-2.178-3.574-2.18 0-2.514 1.7-2.514 3.46v6.668h-4.187V12.61z\" fill=\"#fff\"><\/path><\/svg><\/span><\/a><a aria-label=\"Pinterest\" class=\"heateor_sss_button_pinterest\" href=\"https:\/\/www.circuitodetorremocha.es\/Neweb\/wp-json\/wp\/v2\/pages\/4552\" onclick=\"event.preventDefault();javascript:void( (function() {var e=document.createElement('script' );e.setAttribute('type','text\/javascript' );e.setAttribute('charset','UTF-8' );e.setAttribute('src','\/\/assets.pinterest.com\/js\/pinmarklet.js?r='+Math.random()*99999999);document.body.appendChild(e)})());\" title=\"Pinterest\" rel=\"noopener\" style=\"font-size:32px!important;box-shadow:none;display:inline-block;vertical-align:middle\"><span class=\"heateor_sss_svg heateor_sss_s__default heateor_sss_s_pinterest\" style=\"background-color:#cc2329;width:40px;height:40px;margin:0;display:inline-block;opacity:1;float:left;font-size:32px;box-shadow:none;display:inline-block;font-size:16px;padding:0 4px;vertical-align:middle;background-repeat:repeat;overflow:hidden;padding:0;cursor:pointer;box-sizing:content-box\"><svg style=\"display:block;\" focusable=\"false\" aria-hidden=\"true\" xmlns=\"http:\/\/www.w3.org\/2000\/svg\" width=\"100%\" height=\"100%\" viewBox=\"-2 -2 35 35\"><path fill=\"#fff\" d=\"M16.539 4.5c-6.277 0-9.442 4.5-9.442 8.253 0 2.272.86 4.293 2.705 5.046.303.125.574.005.662-.33.061-.231.205-.816.27-1.06.088-.331.053-.447-.191-.736-.532-.627-.873-1.439-.873-2.591 0-3.338 2.498-6.327 6.505-6.327 3.548 0 5.497 2.168 5.497 5.062 0 3.81-1.686 7.025-4.188 7.025-1.382 0-2.416-1.142-2.085-2.545.397-1.674 1.166-3.48 1.166-4.689 0-1.081-.581-1.983-1.782-1.983-1.413 0-2.548 1.462-2.548 3.419 0 1.247.421 2.091.421 2.091l-1.699 7.199c-.505 2.137-.076 4.755-.039 5.019.021.158.223.196.314.077.13-.17 1.813-2.247 2.384-4.324.162-.587.929-3.631.929-3.631.46.876 1.801 1.646 3.227 1.646 4.247 0 7.128-3.871 7.128-9.053.003-3.918-3.317-7.568-8.361-7.568z\"\/><\/svg><\/span><\/a><\/div><div class=\"heateorSssClear\"><\/div><\/div>","protected":false},"author":1,"featured_media":4553,"parent":0,"menu_order":0,"comment_status":"closed","ping_status":"closed","template":"","meta":{"footnotes":""},"class_list":["post-4552","page","type-page","status-publish","has-post-thumbnail","hentry"],"_links":{"self":[{"href":"https:\/\/www.circuitodetorremocha.es\/Neweb\/wp-json\/wp\/v2\/pages\/4552","targetHints":{"allow":["GET"]}}],"collection":[{"href":"https:\/\/www.circuitodetorremocha.es\/Neweb\/wp-json\/wp\/v2\/pages"}],"about":[{"href":"https:\/\/www.circuitodetorremocha.es\/Neweb\/wp-json\/wp\/v2\/types\/page"}],"author":[{"embeddable":true,"href":"https:\/\/www.circuitodetorremocha.es\/Neweb\/wp-json\/wp\/v2\/users\/1"}],"replies":[{"embeddable":true,"href":"https:\/\/www.circuitodetorremocha.es\/Neweb\/wp-json\/wp\/v2\/comments?post=4552"}],"version-history":[{"count":0,"href":"https:\/\/www.circuitodetorremocha.es\/Neweb\/wp-json\/wp\/v2\/pages\/4552\/revisions"}],"wp:featuredmedia":[{"embeddable":true,"href":"https:\/\/www.circuitodetorremocha.es\/Neweb\/wp-json\/wp\/v2\/media\/4553"}],"wp:attachment":[{"href":"https:\/\/www.circuitodetorremocha.es\/Neweb\/wp-json\/wp\/v2\/media?parent=4552"}],"curies":[{"name":"wp","href":"https:\/\/api.w.org\/{rel}","templated":true}]}}